{"id":2436,"date":"2023-04-15T10:29:54","date_gmt":"2023-04-15T08:29:54","guid":{"rendered":"http:\/\/www.har-zeldas.se\/?page_id=2436"},"modified":"2023-04-17T08:56:58","modified_gmt":"2023-04-17T06:56:58","slug":"tidigare-kullar","status":"publish","type":"page","link":"https:\/\/www.har-zeldas.se\/?page_id=2436","title":{"rendered":"Tidigare kullar"},"content":{"rendered":"\n<div class=\"wp-block-columns are-vertically-aligned-top is-layout-flex wp-container-core-columns-is-layout-9d6595d7 wp-block-columns-is-layout-flex\">\n<div class=\"wp-block-column is-vertically-aligned-top is-layout-flow wp-block-column-is-layout-flow\"><div class=\"wp-block-image\">\n<figure class=\"aligncenter size-full\"><img loading=\"lazy\" decoding=\"async\" width=\"480\" height=\"639\" src=\"https:\/\/www.har-zeldas.se\/wp-content\/uploads\/2020\/11\/G\u00f6te.jpg\" alt=\"\" class=\"wp-image-2231\" srcset=\"https:\/\/www.har-zeldas.se\/wp-content\/uploads\/2020\/11\/G\u00f6te.jpg 480w, https:\/\/www.har-zeldas.se\/wp-content\/uploads\/2020\/11\/G\u00f6te-225x300.jpg 225w, https:\/\/www.har-zeldas.se\/wp-content\/uploads\/2020\/11\/G\u00f6te-90x120.jpg 90w\" sizes=\"auto, (max-width: 480px) 100vw, 480px\" \/><figcaption class=\"wp-element-caption\">G\u00f6te jagar i Narken<\/figcaption><\/figure>\n\n<\/div>\n<\/div>\n\n\n\n<div class=\"wp-block-column is-vertically-aligned-top is-layout-flow wp-block-column-is-layout-flow\">\n<h2 class=\"wp-block-heading\">2018<\/h2>\n\n\n\n<p>tik; SE44592\/2012&nbsp;SE(HA)JCH Har-Zeldas Tjorven<\/p>\n\n\n\n<p>hane; SE JCH SE UCH S39704\/2009&nbsp;Hissj\u00f6g\u00e5rdens Nimbus<\/p>\n\n\n\n<p><strong>VALPAR;<\/strong><\/p>\n\n\n\n<p>SE18041\/2018&nbsp;J Har-Zeldas Anton<\/p>\n\n\n\n<p>SE18039\/2018&nbsp;Har-Zeldas Hilla<\/p>\n\n\n\n<p>SE18042\/2018&nbsp;Har-Zeldas G\u00f6te<\/p>\n\n\n\n<p>SE18040\/2018&nbsp;Har-Zeldas Stoja<\/p>\n\n\n\n<p>SE18043\/2018&nbsp;Har-Zeldas Hasso<\/p>\n\n\n\n<p>SE18044\/2018&nbsp;Har-Zeldas Ricco<\/p>\n\n\n\n<p>SE18045\/2018&nbsp;Har-Zeldas Sammy<\/p>\n\n<\/div>\n\n\n\n<div class=\"wp-block-column is-vertically-aligned-top is-layout-flow wp-block-column-is-layout-flow\">\n<figure class=\"wp-block-image size-full\"><img loading=\"lazy\" decoding=\"async\" width=\"540\" height=\"720\" src=\"https:\/\/www.har-zeldas.se\/wp-content\/uploads\/2020\/11\/Resized_-1383876897003.jpeg\" alt=\"\" class=\"wp-image-2230\" srcset=\"https:\/\/www.har-zeldas.se\/wp-content\/uploads\/2020\/11\/Resized_-1383876897003.jpeg 540w, https:\/\/www.har-zeldas.se\/wp-content\/uploads\/2020\/11\/Resized_-1383876897003-225x300.jpeg 225w, https:\/\/www.har-zeldas.se\/wp-content\/uploads\/2020\/11\/Resized_-1383876897003-90x120.jpeg 90w\" sizes=\"auto, (max-width: 540px) 100vw, 540px\" \/><figcaption class=\"wp-element-caption\">Ricco jagar i Rusksele<\/figcaption><\/figure>\n\n<\/div>\n\n<\/div>\n\n\n\n<div class=\"wp-block-columns is-layout-flex wp-container-core-columns-is-layout-9d6595d7 wp-block-columns-is-layout-flex\">\n<div class=\"wp-block-column is-layout-flow wp-block-column-is-layout-flow\">\n<h2 class=\"wp-block-heading\">2016<\/h2>\n\n\n\n<p>efter;<\/p>\n\n\n\n<p>tik; SE44592\/2012&nbsp;SE(HA)JCH Har-Zeldas Tjorven<\/p>\n\n\n\n<p>hane; FI20848\/14&nbsp;FI JCH Skredbekkens Bopi<\/p>\n\n\n\n<p><strong>VALPAR;<\/strong><\/p>\n\n\n\n<p>SE40736\/2016&nbsp;Har-Zeldas Herman<\/p>\n\n\n\n<p>SE40738\/2016&nbsp;J Har-Zeldas Noppe<\/p>\n\n\n\n<p>SE40734\/2016&nbsp;Har-Zeldas Doris<\/p>\n\n\n\n<p>SE40735\/2016&nbsp;Har-Zeldas Mette<\/p>\n\n\n\n<p>SE40737\/2016&nbsp;Har-Zeldas Porthos<\/p>\n\n\n\n<p>SE40739\/2016&nbsp;Har-Zeldas Edvin<\/p>\n\n\n\n<figure class=\"wp-block-image size-large is-resized\"><img decoding=\"async\" src=\"https:\/\/www.har-zeldas.se\/wp-content\/uploads\/2018\/09\/Phare-730x1024.jpg\" alt=\"\" class=\"wp-image-1993\" width=\"-66\" height=\"-92\" srcset=\"https:\/\/www.har-zeldas.se\/wp-content\/uploads\/2018\/09\/Phare-730x1024.jpg 730w, https:\/\/www.har-zeldas.se\/wp-content\/uploads\/2018\/09\/Phare-214x300.jpg 214w, https:\/\/www.har-zeldas.se\/wp-content\/uploads\/2018\/09\/Phare-768x1078.jpg 768w, https:\/\/www.har-zeldas.se\/wp-content\/uploads\/2018\/09\/Phare-86x120.jpg 86w, https:\/\/www.har-zeldas.se\/wp-content\/uploads\/2018\/09\/Phare.jpg 1200w\" sizes=\"(max-width: 730px) 100vw, 730px\" \/><figcaption class=\"wp-element-caption\">Har-Zeldas  J Noppe dvs &#8221;Pelle&#8221;<\/figcaption><\/figure>\n\n<\/div>\n\n\n\n<div class=\"wp-block-column is-layout-flow wp-block-column-is-layout-flow\">\n<h2 class=\"wp-block-heading\">2015<\/h2>\n\n\n\n<p>efter;<\/p>\n\n\n\n<p>tik; S19249\/2009&nbsp;SE JCH Har-Zeldas Gullan<\/p>\n\n\n\n<p>hane; FIN40404\/06&nbsp;FI JCH J\u00f6\u00f6ti<\/p>\n\n\n\n<p><strong>VALPAR;<\/strong><\/p>\n\n\n\n<p>SE35760\/2015&nbsp;Har-Zeldas Bing<\/p>\n\n\n\n<p>SE35759\/2015&nbsp;Har-Zeldas Bea<\/p>\n\n\n\n<p>SE35762\/2015&nbsp;SE(HA)JCH Har-Zeldas Speja<\/p>\n\n\n\n<p>SE35761\/2015&nbsp;Har-Zeldas Klara<\/p>\n\n\n\n<p>SE35763\/2015 J&nbsp;Har-Zeldas Tina<\/p>\n\n\n\n<figure class=\"wp-block-image size-full\"><img loading=\"lazy\" decoding=\"async\" width=\"609\" height=\"422\" src=\"https:\/\/www.har-zeldas.se\/wp-content\/uploads\/2021\/01\/speja2021.jpg\" alt=\"\" class=\"wp-image-2256\" srcset=\"https:\/\/www.har-zeldas.se\/wp-content\/uploads\/2021\/01\/speja2021.jpg 609w, https:\/\/www.har-zeldas.se\/wp-content\/uploads\/2021\/01\/speja2021-300x208.jpg 300w, https:\/\/www.har-zeldas.se\/wp-content\/uploads\/2021\/01\/speja2021-173x120.jpg 173w\" sizes=\"auto, (max-width: 609px) 100vw, 609px\" \/><figcaption class=\"wp-element-caption\">SE(HA)JCH Har-zeldas Speja<\/figcaption><\/figure>\n\n<\/div>\n\n\n\n<div class=\"wp-block-column is-layout-flow wp-block-column-is-layout-flow\">\n<h2 class=\"wp-block-heading\">2012<\/h2>\n\n\n\n<p>efter;<\/p>\n\n\n\n<p>tik; S19249\/2009&nbsp;SE JCH Har-Zeldas Gullan<\/p>\n\n\n\n<p>hane; FIN42496\/07&nbsp;FI JCH SE JCH Soramaan Eetu<\/p>\n\n\n\n<p><strong>VALPAR;<\/strong><\/p>\n\n\n\n<p>SE44592\/2012&nbsp;SE(HA)JCH Har-Zeldas Tjorven<\/p>\n\n\n\n<p>SE44588\/2012&nbsp;Har-Zeldas Ossie<\/p>\n\n\n\n<p>SE44589\/2012&nbsp;Har-Zeldas Nisse<\/p>\n\n\n\n<p>SE44591\/2012&nbsp;Har-Zeldas Pirka<\/p>\n\n\n\n<p>SE44590\/2012&nbsp;Har-Zeldas Oskar Av Korpilombolo<\/p>\n\n\n\n<p>SE44593\/2012&nbsp;SE (HA)JCH Har-Zeldas Molly<\/p>\n\n\n\n<p>SE44594\/2012&nbsp;J Har-Zeldas Beatrice<\/p>\n\n\n\n<p>SE44595\/2012&nbsp;SE(R\u00c5)JCH Har-Zeldas Sikki<\/p>\n\n\n<div class=\"wp-block-image\">\n<figure class=\"aligncenter size-large\"><img loading=\"lazy\" decoding=\"async\" width=\"795\" height=\"1024\" src=\"https:\/\/www.har-zeldas.se\/wp-content\/uploads\/2011\/08\/tj1.2017-795x1024.jpg\" alt=\"\" class=\"wp-image-1700\" srcset=\"https:\/\/www.har-zeldas.se\/wp-content\/uploads\/2011\/08\/tj1.2017-795x1024.jpg 795w, https:\/\/www.har-zeldas.se\/wp-content\/uploads\/2011\/08\/tj1.2017-233x300.jpg 233w, https:\/\/www.har-zeldas.se\/wp-content\/uploads\/2011\/08\/tj1.2017-768x989.jpg 768w, https:\/\/www.har-zeldas.se\/wp-content\/uploads\/2011\/08\/tj1.2017.jpg 1200w\" sizes=\"auto, (max-width: 795px) 100vw, 795px\" \/><figcaption class=\"wp-element-caption\"><strong>Tjorven; 2:a plats p\u00e5 Gr\u00e4ns\u00e4lvskampen 2017<\/strong><\/figcaption><\/figure>\n\n<\/div>\n<\/div>\n\n<\/div>\n\n\n\n<div class=\"wp-block-columns is-layout-flex wp-container-core-columns-is-layout-9d6595d7 wp-block-columns-is-layout-flex\">\n<div class=\"wp-block-column is-layout-flow wp-block-column-is-layout-flow\">\n<h2 class=\"wp-block-heading\">Valpar 2009<\/h2>\n\n\n\n<p>efter;<\/p>\n\n\n\n<p>tik; S42128\/2003&nbsp;SE JCH FI JCH Zelda <\/p>\n\n\n\n<p>hane; FIN23558\/03&nbsp;FI JCHHuuhkajan Kimi<\/p>\n\n\n\n<p><strong>VALPAR;<\/strong><\/p>\n\n\n\n<p>S19246\/2009&nbsp;Har-Zeldas Jacke<\/p>\n\n\n\n<p>S19247\/2009&nbsp;Har-Zeldas Robi<\/p>\n\n\n\n<p>S19248\/2009&nbsp;Har-Zeldas Sniff<\/p>\n\n\n\n<p>S19249\/2009&nbsp;SE JCH Har-Zeldas Gullan<\/p>\n\n\n\n<p>S19250\/2009&nbsp;Har-Zeldas Kira<\/p>\n\n\n\n<figure class=\"wp-block-image size-full is-resized\"><img loading=\"lazy\" decoding=\"async\" src=\"https:\/\/www.har-zeldas.se\/wp-content\/uploads\/2018\/02\/sv.j1.jpg\" alt=\"\" class=\"wp-image-1855\" width=\"325\" height=\"212\" srcset=\"https:\/\/www.har-zeldas.se\/wp-content\/uploads\/2018\/02\/sv.j1.jpg 859w, https:\/\/www.har-zeldas.se\/wp-content\/uploads\/2018\/02\/sv.j1-300x196.jpg 300w, https:\/\/www.har-zeldas.se\/wp-content\/uploads\/2018\/02\/sv.j1-768x502.jpg 768w, https:\/\/www.har-zeldas.se\/wp-content\/uploads\/2018\/02\/sv.j1-184x120.jpg 184w\" sizes=\"auto, (max-width: 325px) 100vw, 325px\" \/><figcaption class=\"wp-element-caption\"><strong>Gullan p\u00e5 uppslag i &#8221;Svensk Jakt&#8221;<\/strong><\/figcaption><\/figure>\n\n<\/div>\n\n\n\n<div class=\"wp-block-column is-layout-flow wp-block-column-is-layout-flow\">\n<h2 class=\"wp-block-heading\">Valpar 2007<\/h2>\n\n\n\n<p>efter;<\/p>\n\n\n\n<p>tik; S42128\/2003&nbsp;Zelda SEJCH FIJCH<\/p>\n\n\n\n<p>hane; FIN23370\/04&nbsp;FI UCH FI JCH SEJCH Konttikuusen Jeppe<\/p>\n\n\n\n<p><strong>VALPAR;<\/strong><\/p>\n\n\n\n<p>S28873\/2007&nbsp;Har-Zeldas Mysak<\/p>\n\n\n\n<p>S28874\/2007&nbsp; J Har-Zeldas Hampus<\/p>\n\n\n\n<p>S28875\/2007&nbsp;SEJCH FIJCH Har-Zeldas Hugo SM vinnare 2011<\/p>\n\n\n\n<p>S28876\/2007&nbsp;J Har-Zeldas Elsa<\/p>\n\n\n\n<p>S28877\/2007&nbsp;Har-Zeldas Lisa (trafikd\u00f6dad)<\/p>\n\n\n\n<p>S28878\/2007&nbsp;SEJCH FIJCH Har-Zeldas Spela<\/p>\n\n\n\n<p><em>En bra kull med v\u00e4lmeriterade avkommor &#8211; Hugo som SM vinnare 2011!<\/em> <\/p>\n\n\n<div class=\"wp-block-image\">\n<figure class=\"aligncenter size-large\"><img loading=\"lazy\" decoding=\"async\" width=\"829\" height=\"1024\" src=\"https:\/\/www.har-zeldas.se\/wp-content\/uploads\/2014\/10\/hugo.gk_-829x1024.jpg\" alt=\"\" class=\"wp-image-1300\" srcset=\"https:\/\/www.har-zeldas.se\/wp-content\/uploads\/2014\/10\/hugo.gk_-829x1024.jpg 829w, https:\/\/www.har-zeldas.se\/wp-content\/uploads\/2014\/10\/hugo.gk_-242x300.jpg 242w, https:\/\/www.har-zeldas.se\/wp-content\/uploads\/2014\/10\/hugo.gk_.jpg 1000w\" sizes=\"auto, (max-width: 829px) 100vw, 829px\" \/><figcaption class=\"wp-element-caption\"><strong>Hugo SM vinnare 2011<\/strong>, \u00e4gare Ulf \u00d6hlund Pite\u00e5.<\/figcaption><\/figure>\n\n<\/div>\n\n\n<p>    <\/p>\n\n<\/div>\n\n\n\n<div class=\"wp-block-column is-layout-flow wp-block-column-is-layout-flow\">\n<h2 class=\"wp-block-heading has-text-align-center\">Valpar 2005<\/h2>\n\n\n\n<p>efter;<\/p>\n\n\n\n<p>tik; S42128\/2003&nbsp;Zelda SEJCH FIJCH<\/p>\n\n\n\n<p>hane; S31750\/2002&nbsp;Kaj<\/p>\n\n\n\n<p><strong>VALPAR;<\/strong><\/p>\n\n\n\n<p>S51147\/2005 Har-Zeldas Jack<\/p>\n\n\n\n<p>S51148\/2005&nbsp;Har-Zeldas Nemo<\/p>\n\n\n\n<p>S51149\/2005&nbsp;Har-Zeldas Tonja<\/p>\n\n\n\n<p><em>Alla valpar jagade, endast Tonja meriterad med ett tredje pris hare. Jagade sj\u00e4lv med Tonja ett kort tag och tyckte hon hade m\u00e5nga fina egenskaper.<\/em><\/p>\n\n\n<div class=\"wp-block-image\">\n<figure class=\"aligncenter size-full\"><img loading=\"lazy\" decoding=\"async\" width=\"700\" height=\"808\" src=\"https:\/\/www.har-zeldas.se\/wp-content\/uploads\/2011\/03\/zkorpan.jpg\" alt=\"\" class=\"wp-image-14\" srcset=\"https:\/\/www.har-zeldas.se\/wp-content\/uploads\/2011\/03\/zkorpan.jpg 700w, https:\/\/www.har-zeldas.se\/wp-content\/uploads\/2011\/03\/zkorpan-259x300.jpg 259w\" sizes=\"auto, (max-width: 700px) 100vw, 700px\" \/><figcaption class=\"wp-element-caption\"><strong>SEJCH FIJCH Zelda<\/strong><\/figcaption><\/figure>\n\n<\/div>\n<\/div>\n\n<\/div>\n","protected":false},"excerpt":{"rendered":"<p>2018 tik; SE44592\/2012&nbsp;SE(HA)JCH Har-Zeldas Tjorven hane; SE JCH SE UCH S39704\/2009&nbsp;Hissj\u00f6g\u00e5rdens Nimbus VALPAR; SE18041\/2018&nbsp;J Har-Zeldas Anton SE18039\/2018&nbsp;Har-Zeldas Hilla SE18042\/2018&nbsp;Har-Zeldas G\u00f6te SE18040\/2018&nbsp;Har-Zeldas Stoja SE18043\/2018&nbsp;Har-Zeldas Hasso SE18044\/2018&nbsp;Har-Zeldas Ricco SE18045\/2018&nbsp;Har-Zeldas Sammy 2016 efter; tik; SE44592\/2012&nbsp;SE(HA)JCH Har-Zeldas Tjorven hane; FI20848\/14&nbsp;FI JCH Skredbekkens Bopi VALPAR; SE40736\/2016&nbsp;Har-Zeldas Herman SE40738\/2016&nbsp;J Har-Zeldas Noppe SE40734\/2016&nbsp;Har-Zeldas Doris SE40735\/2016&nbsp;Har-Zeldas Mette SE40737\/2016&nbsp;Har-Zeldas Porthos SE40739\/2016&nbsp;Har-Zeldas Edvin 2015 efter; tik; S19249\/2009&nbsp;SE JCH Har-Zeldas Gullan hane; FIN40404\/06&nbsp;FI JCH J\u00f6\u00f6ti VALPAR; SE35760\/2015&nbsp;Har-Zeldas Bing SE35759\/2015&nbsp;Har-Zeldas Bea SE35762\/2015&nbsp;SE(HA)JCH Har-Zeldas Speja SE35761\/2015&nbsp;Har-Zeldas Klara SE35763\/2015 J&nbsp;Har-Zeldas Tina 2012 efter; tik; S19249\/2009&nbsp;SE JCH Har-Zeldas Gullan hane; FIN42496\/07&nbsp;FI JCH SE JCH Soramaan Eetu VALPAR; SE44592\/2012&nbsp;SE(HA)JCH Har-Zeldas Tjorven SE44588\/2012&nbsp;Har-Zeldas Ossie SE44589\/2012&nbsp;Har-Zeldas Nisse SE44591\/2012&nbsp;Har-Zeldas Pirka SE44590\/2012&nbsp;Har-Zeldas Oskar Av Korpilombolo SE44593\/2012&nbsp;SE (HA)JCH Har-Zeldas Molly SE44594\/2012&nbsp;J Har-Zeldas Beatrice SE44595\/2012&nbsp;SE(R\u00c5)JCH Har-Zeldas Sikki Valpar 2009 efter; tik; S42128\/2003&nbsp;SE JCH FI JCH Zelda hane; FIN23558\/03&nbsp;FI JCHHuuhkajan Kimi VALPAR; S19246\/2009&nbsp;Har-Zeldas Jacke S19247\/2009&nbsp;Har-Zeldas Robi S19248\/2009&nbsp;Har-Zeldas Sniff S19249\/2009&nbsp;SE JCH Har-Zeldas Gullan S19250\/2009&nbsp;Har-Zeldas Kira Valpar 2007 efter; tik; S42128\/2003&nbsp;Zelda SEJCH FIJCH hane; FIN23370\/04&nbsp;FI UCH FI JCH SEJCH Konttikuusen Jeppe VALPAR; S28873\/2007&nbsp;Har-Zeldas Mysak S28874\/2007&nbsp; J Har-Zeldas Hampus S28875\/2007&nbsp;SEJCH FIJCH Har-Zeldas Hugo SM vinnare 2011 S28876\/2007&nbsp;J Har-Zeldas Elsa S28877\/2007&nbsp;Har-Zeldas Lisa (trafikd\u00f6dad) S28878\/2007&nbsp;SEJCH FIJCH Har-Zeldas Spela En bra kull med v\u00e4lmeriterade avkommor &#8211; Hugo som SM vinnare 2011! Valpar 2005 efter; tik; S42128\/2003&nbsp;Zelda SEJCH FIJCH hane; [&hellip;]<\/p>\n","protected":false},"author":1,"featured_media":0,"parent":2516,"menu_order":3,"comment_status":"closed","ping_status":"closed","template":"page-templates\/full-width.php","meta":{"footnotes":""},"class_list":["post-2436","page","type-page","status-publish","hentry"],"_links":{"self":[{"href":"https:\/\/www.har-zeldas.se\/index.php?rest_route=\/wp\/v2\/pages\/2436","targetHints":{"allow":["GET"]}}],"collection":[{"href":"https:\/\/www.har-zeldas.se\/index.php?rest_route=\/wp\/v2\/pages"}],"about":[{"href":"https:\/\/www.har-zeldas.se\/index.php?rest_route=\/wp\/v2\/types\/page"}],"author":[{"embeddable":true,"href":"https:\/\/www.har-zeldas.se\/index.php?rest_route=\/wp\/v2\/users\/1"}],"replies":[{"embeddable":true,"href":"https:\/\/www.har-zeldas.se\/index.php?rest_route=%2Fwp%2Fv2%2Fcomments&post=2436"}],"version-history":[{"count":61,"href":"https:\/\/www.har-zeldas.se\/index.php?rest_route=\/wp\/v2\/pages\/2436\/revisions"}],"predecessor-version":[{"id":2527,"href":"https:\/\/www.har-zeldas.se\/index.php?rest_route=\/wp\/v2\/pages\/2436\/revisions\/2527"}],"up":[{"embeddable":true,"href":"https:\/\/www.har-zeldas.se\/index.php?rest_route=\/wp\/v2\/pages\/2516"}],"wp:attachment":[{"href":"https:\/\/www.har-zeldas.se\/index.php?rest_route=%2Fwp%2Fv2%2Fmedia&parent=2436"}],"curies":[{"name":"wp","href":"https:\/\/api.w.org\/{rel}","templated":true}]}}