{"id":2,"date":"2010-03-28T20:51:35","date_gmt":"2010-03-28T18:51:35","guid":{"rendered":"http:\/\/www.har-zeldas.se\/?page_id=2"},"modified":"2025-10-19T22:16:19","modified_gmt":"2025-10-19T20:16:19","slug":"about","status":"publish","type":"page","link":"https:\/\/www.har-zeldas.se\/","title":{"rendered":"Harjakt med Beagle 1994-2025"},"content":{"rendered":"\n<p class=\"has-text-align-center has-very-light-gray-color has-very-dark-gray-background-color has-text-color has-background\">Titta er g\u00e4rna omkring p\u00e5 hemsidan, se g\u00e4rna v\u00e5ra<a href=\"https:\/\/www.youtube.com\/@harzeldas\" target=\"_blank\" rel=\"noreferrer noopener\"> Jaktvideos p\u00e5 YouTube<\/a> V\u00e4lkommen!<\/p>\n\n\n\n<h2 class=\"wp-block-heading has-text-align-center\">HAR-ZELDAS<\/h2>\n\n\n\n<p><\/p>\n\n\n\n<figure class=\"wp-block-image size-full is-resized\"><img loading=\"lazy\" decoding=\"async\" width=\"800\" height=\"600\" src=\"https:\/\/www.har-zeldas.se\/wp-content\/uploads\/2018\/02\/zelda-2005.bmp\" alt=\"\" class=\"wp-image-1835\" style=\"width:793px;height:auto\" srcset=\"https:\/\/www.har-zeldas.se\/wp-content\/uploads\/2018\/02\/zelda-2005.bmp 800w, https:\/\/www.har-zeldas.se\/wp-content\/uploads\/2018\/02\/zelda-2005-300x225.bmp 300w, https:\/\/www.har-zeldas.se\/wp-content\/uploads\/2018\/02\/zelda-2005-768x576.bmp 768w, https:\/\/www.har-zeldas.se\/wp-content\/uploads\/2018\/02\/zelda-2005-160x120.bmp 160w\" sizes=\"auto, (max-width: 800px) 100vw, 800px\" \/><figcaption class=\"wp-element-caption\">2005 &#8221;Skorpan&#8221;  S42128\/2003 Zelda SE JCH FI JCH<\/figcaption><\/figure>\n\n\n\n<p>Vi f\u00f6der upp beagle med inriktning p\u00e5 harjakt. Harjakten \u00e4r no. 1 f\u00f6r oss &#8211; en sp\u00e4nnande jaktform och som fordrar en riktigt duktig hund f\u00f6r att reda ut harens m\u00e5nga knep och bjuda p\u00e5 fina jaktdagar. Rytas Sacko var v\u00e5r f\u00f6rsta beagle som vi 1994 inf\u00f6rskaffade till harjakt, d\u00e4refter har jakt- och hundintresset blivit ursprunget till v\u00e5r uppf\u00f6dning. Vi har en liten uppf\u00f6dning med tidigast en valpkull vart annat \u00e5r. <\/p>\n\n\n\n<p><\/p>\n\n\n\n<p class=\"has-text-align-center has-very-light-gray-color has-very-dark-gray-background-color has-text-color has-background\">F\u00f6r oss \u00e4r beaglen en fin jaktkamrat och familjemedlem.<\/p>\n\n\n\n<p>&nbsp;<\/p>\n\n\n\n<div class=\"code\">&nbsp;\n<\/div>\n\n\n<div class=\"wp-block-image\">\n<figure class=\"aligncenter is-resized\"><a href=\"https:\/\/www.har-zeldas.se\/wp-content\/uploads\/2010\/03\/sjalvklart-880x290px.png\"><img loading=\"lazy\" decoding=\"async\" width=\"905\" height=\"315\" src=\"https:\/\/www.har-zeldas.se\/wp-content\/uploads\/2010\/03\/sjalvklart-880x290px.png\" alt=\"\" class=\"wp-image-1703\" style=\"width:832px;height:auto\" srcset=\"https:\/\/www.har-zeldas.se\/wp-content\/uploads\/2010\/03\/sjalvklart-880x290px.png 905w, https:\/\/www.har-zeldas.se\/wp-content\/uploads\/2010\/03\/sjalvklart-880x290px-300x104.png 300w, https:\/\/www.har-zeldas.se\/wp-content\/uploads\/2010\/03\/sjalvklart-880x290px-768x267.png 768w, https:\/\/www.har-zeldas.se\/wp-content\/uploads\/2010\/03\/sjalvklart-880x290px-500x174.png 500w\" sizes=\"auto, (max-width: 905px) 100vw, 905px\" \/><\/a><\/figure>\n\n<\/div>\n\n\n<address style=\"text-align: center;\">\n<h3 style=\"text-align: left;\">&nbsp;<\/h3>\n<\/address>\n\n\n<div class=\"wp-block-image is-style-default\">\n<figure class=\"aligncenter size-full is-resized\"><a href=\"https:\/\/www.svenskabeagleklubben.com\/\" target=\"_blank\" rel=\"noreferrer noopener\"><img loading=\"lazy\" decoding=\"async\" width=\"424\" height=\"398\" src=\"https:\/\/www.har-zeldas.se\/wp-content\/uploads\/2024\/04\/sblk2-2.jpg\" alt=\"\" class=\"wp-image-2761\" style=\"width:344px;height:auto\" srcset=\"https:\/\/www.har-zeldas.se\/wp-content\/uploads\/2024\/04\/sblk2-2.jpg 424w, https:\/\/www.har-zeldas.se\/wp-content\/uploads\/2024\/04\/sblk2-2-300x282.jpg 300w, https:\/\/www.har-zeldas.se\/wp-content\/uploads\/2024\/04\/sblk2-2-128x120.jpg 128w\" sizes=\"auto, (max-width: 424px) 100vw, 424px\" \/><\/a><\/figure>\n\n<\/div>","protected":false},"excerpt":{"rendered":"<p>Titta er g\u00e4rna omkring p\u00e5 hemsidan, se g\u00e4rna v\u00e5ra Jaktvideos p\u00e5 YouTube V\u00e4lkommen! HAR-ZELDAS Vi f\u00f6der upp beagle med inriktning p\u00e5 harjakt. Harjakten \u00e4r no. 1 f\u00f6r oss &#8211; en sp\u00e4nnande jaktform och som fordrar en riktigt duktig hund f\u00f6r att reda ut harens m\u00e5nga knep och bjuda p\u00e5 fina jaktdagar. Rytas Sacko var v\u00e5r f\u00f6rsta beagle som vi 1994 inf\u00f6rskaffade till harjakt, d\u00e4refter har jakt- och hundintresset blivit ursprunget till v\u00e5r uppf\u00f6dning. Vi har en liten uppf\u00f6dning med tidigast en valpkull vart annat \u00e5r. F\u00f6r oss \u00e4r beaglen en fin jaktkamrat och familjemedlem. &nbsp; &nbsp; &nbsp;<\/p>\n","protected":false},"author":1,"featured_media":0,"parent":0,"menu_order":1,"comment_status":"closed","ping_status":"closed","template":"","meta":{"footnotes":""},"class_list":["post-2","page","type-page","status-publish","hentry"],"_links":{"self":[{"href":"https:\/\/www.har-zeldas.se\/index.php?rest_route=\/wp\/v2\/pages\/2","targetHints":{"allow":["GET"]}}],"collection":[{"href":"https:\/\/www.har-zeldas.se\/index.php?rest_route=\/wp\/v2\/pages"}],"about":[{"href":"https:\/\/www.har-zeldas.se\/index.php?rest_route=\/wp\/v2\/types\/page"}],"author":[{"embeddable":true,"href":"https:\/\/www.har-zeldas.se\/index.php?rest_route=\/wp\/v2\/users\/1"}],"replies":[{"embeddable":true,"href":"https:\/\/www.har-zeldas.se\/index.php?rest_route=%2Fwp%2Fv2%2Fcomments&post=2"}],"version-history":[{"count":292,"href":"https:\/\/www.har-zeldas.se\/index.php?rest_route=\/wp\/v2\/pages\/2\/revisions"}],"predecessor-version":[{"id":3171,"href":"https:\/\/www.har-zeldas.se\/index.php?rest_route=\/wp\/v2\/pages\/2\/revisions\/3171"}],"wp:attachment":[{"href":"https:\/\/www.har-zeldas.se\/index.php?rest_route=%2Fwp%2Fv2%2Fmedia&parent=2"}],"curies":[{"name":"wp","href":"https:\/\/api.w.org\/{rel}","templated":true}]}}